{"id":21,"date":"2024-09-05T20:16:26","date_gmt":"2024-09-05T20:16:26","guid":{"rendered":"https:\/\/traveltolive.pl\/index.php\/strona-glowna\/"},"modified":"2024-09-05T20:16:27","modified_gmt":"2024-09-05T20:16:27","slug":"strona-glowna","status":"publish","type":"page","link":"https:\/\/traveltolive.pl\/","title":{"rendered":"Strona g\u0142\u00f3wna"},"content":{"rendered":"\n   \n    <section class=\"u-align-right u-clearfix u-container-align-right u-image u-shading u-section-1\" id=\"sec-ea11\" data-image-width=\"4000\" data-image-height=\"1800\" style=\"background-image: linear-gradient(0deg, rgba(0, 0, 0, 0.05), rgba(0, 0, 0, 0.05)), url(&quot;https:\/\/traveltolive.pl\/wp-content\/uploads\/2024\/09\/20210806_133254.jpg?rand=f256&quot;);\">\n      <div class=\"u-clearfix u-sheet u-sheet-1\">\n        <div class=\"u-align-left u-container-align-left u-container-style u-expanded-width-xs u-group u-shape-rectangle u-group-1\">\n          <div class=\"u-container-layout u-valign-top-xs u-container-layout-1\">\n            <h1 class=\"u-custom-font u-font-pt-sans u-hover-feature u-opacity u-opacity-0 u-text u-title u-text-1\">traveltolive<\/h1>\n            <h3 class=\"u-text u-text-2\">Dla mi\u0142o\u015bnik\u00f3w podr\u00f3\u017cy..<br>\n            <\/h3>\n          <\/div>\n        <\/div>\n      <\/div>\n      \n    <\/section>\n    <section class=\"u-clearfix u-valign-middle u-section-2\" id=\"sec-72ea\">\n      <div class=\"u-container-style u-expanded-width u-group u-opacity u-opacity-90 u-palette-2-base u-group-1\">\n        <div class=\"u-container-layout u-container-layout-1\"><\/div>\n      <\/div>\n    <\/section>\n    <section class=\"u-align-center u-clearfix u-container-align-center u-image u-shading u-section-3\" id=\"carousel_9169\" data-image-width=\"1000\" data-image-height=\"1500\" style=\"background-image: linear-gradient(0deg, rgba(223, 223, 214, 0.75), rgba(223, 223, 214, 0.75)), url(&quot;https:\/\/traveltolive.pl\/wp-content\/uploads\/2024\/09\/pexelsphoto3857210.jpeg&quot;);\">\n      <div class=\"u-clearfix u-sheet u-sheet-1\">\n        <div class=\"u-clearfix u-expanded-width u-layout-wrap u-layout-wrap-1\">\n          <div class=\"u-layout\">\n            <div class=\"u-layout-row\">\n              <div class=\"u-container-style u-layout-cell u-size-30 u-layout-cell-1\">\n                <div class=\"u-container-layout u-valign-bottom u-container-layout-1\">\n                  <h2 class=\"u-custom-font u-font-montserrat u-text u-text-palette-4-dark-1 u-text-1\" data-animation-name=\"customAnimationIn\" data-animation-duration=\"1000\">sebastian<br>osi\u0144ski\n                  <\/h2>\n                  <h6 class=\"u-custom-font u-font-montserrat u-text u-text-palette-2-base u-text-2\"> Pami\u0119tnik podr\u00f3\u017cnika stworzony na w\u0142asne potrzeby<\/h6>\n                  <p class=\"u-text u-text-body-color u-text-3\" data-animation-name=\"customAnimationIn\" data-animation-duration=\"1000\"> Witam na stronie Pami\u0119tnika podr\u00f3\u017cnika, stworzonej na w\u0142asne potrzeby. Tutaj mo\u017cecie znale\u017a\u0107 inspiruj\u0105ce tre\u015bci, kt\u00f3re by\u0107 mo\u017ce przykuj\u0105 Wasz\u0105 uwag\u0119 i zainspiruj\u0105 do podr\u00f3\u017cniczych pomys\u0142\u00f3w. Podobnie jak ca\u0142e spo\u0142ecze\u0144stwo, cierpi\u0119 na chroniczny brak czasu, co sprawia, \u017ce strona ta jest i b\u0119dzie jak grecki dom \u2013 wci\u0105\u017c w budowie. Nie znajdziecie tutaj profesjonalnie dostosowanych zdj\u0119\u0107 i film\u00f3w, poniewa\u017c nie uznaj\u0119 tego za niezb\u0119dne. Nie zamieszczam tak\u017ce sponsorowanych wpis\u00f3w ani tre\u015bci promuj\u0105cych hotele czy restauracje. Je\u015bli mog\u0119 w czymkolwiek pom\u00f3c, prosz\u0119 o kontakt. Zapraszam serdecznie!&nbsp;<br>...<br>\n                    <span style=\"font-style: italic;\">\n                      <span style=\"font-weight: 700;\" class=\"u-text-palette-2-base\">Sebastian<\/span>\n                      <span class=\"u-text-palette-2-base\">.<\/span>\n                    <\/span>\n                  <\/p>\n                  <a href=\"mailto:kontakt@traveltolive.pl\" class=\"u-active-none u-border-2 u-border-hover-white u-border-no-left u-border-no-right u-border-no-top u-border-palette-5-dark-3 u-btn u-button-style u-hover-none u-none u-text-hover-palette-2-base u-text-palette-5-dark-3 u-btn-1\">kontakt@traveltolive.pl<\/a>\n                <\/div>\n              <\/div>\n              <div class=\"u-container-style u-layout-cell u-size-30 u-layout-cell-2\">\n                <div class=\"u-container-layout u-valign-top u-container-layout-2\">\n                  <div class=\"u-expanded-width u-image u-image-circle u-preserve-proportions u-image-1\" alt=\"\" data-image-width=\"4032\" data-image-height=\"2268\" data-animation-name=\"customAnimationIn\" data-animation-duration=\"1000\" data-animation-direction=\"\" style=\"background-image: url(&quot;https:\/\/traveltolive.pl\/wp-content\/uploads\/2024\/09\/20191028_122426.jpg&quot;);\">\n                    <div class=\"u-preserve-proportions-child\" style=\"padding-top: 100%;\"><\/div>\n                  <\/div>\n                <\/div>\n              <\/div>\n            <\/div>\n          <\/div>\n        <\/div>\n      <\/div>\n    <\/section>\n    <section class=\"skrollable u-align-center u-clearfix u-container-align-center u-image u-parallax u-shading u-section-4\" id=\"carousel_aba4\" data-image-width=\"1280\" data-image-height=\"853\" style=\"background-image: linear-gradient(0deg, rgba(255, 255, 255, 0.85), rgba(255, 255, 255, 0.85)), url(&quot;https:\/\/traveltolive.pl\/wp-content\/uploads\/2024\/09\/52e7d5424d50a814f6da8c7dda79367d1d38d6ed5b586c4870287cd09345cd5eb1_1280.jpg&quot;);\">\n      <div class=\"u-clearfix u-sheet u-valign-middle-lg u-valign-middle-md u-sheet-1\">\n        <h1 class=\"u-align-left u-text u-text-palette-1-base u-text-1\" data-animation-name=\"customAnimationIn\" data-animation-duration=\"1000\" data-animation-direction=\"\">Podr\u00f3\u017ce..<\/h1>\n        <div class=\"u-blog u-expanded-width u-layout-horizontal u-text-5\">\n          <div class=\"u-list-control\"><\/div>\n          <div class=\"u-repeater u-repeater-1\">\n            <div class=\"u-blog-post u-invisible u-container-style u-repeater-item u-repeater-item-1\">\n              <div class=\"u-container-layout u-similar-container u-container-layout-1\">\n                <h2 class=\"u-blog-control u-text u-text-palette-4-dark-1 u-text-2\">\n                  <a class=\"u-post-header-link\" href=\"https:\/\/traveltolive.pl\/index.php\/2024\/08\/30\/hello-world\/\">Hello world!<\/a>\n                <\/h2><div class=\"none-post-image\" style=\"display: none;\"><\/div>\n                <div class=\"u-blog-control u-post-content u-text u-text-palette-2-base u-text-3\"><p>\nWelcome to WordPress. This is your first post. Edit or delete it, then start writing!\n<\/p><\/div>\n                <a href=\"https:\/\/traveltolive.pl\/index.php\/2024\/08\/30\/hello-world\/\" class=\"u-active-none u-blog-control u-border-2 u-border-no-left u-border-no-right u-border-no-top u-border-palette-1-base u-btn u-btn-rectangle u-button-style u-hover-none u-none u-btn-1\">Czytaj wi\u0119cej<\/a>\n              <\/div>\n            <\/div>\n          <\/div>\n          <a class=\"u-absolute-vcenter-lg u-absolute-vcenter-md u-absolute-vcenter-xl u-gallery-nav u-gallery-nav-prev u-hidden-sm u-hidden-xs u-icon-circle u-opacity u-opacity-70 u-palette-1-base u-spacing-10 u-gallery-nav-1\" href=\"#\" role=\"button\">\n            <span aria-hidden=\"true\">\n              <svg viewBox=\"0 0 451.847 451.847\"><path d=\"M97.141,225.92c0-8.095,3.091-16.192,9.259-22.366L300.689,9.27c12.359-12.359,32.397-12.359,44.751,0\nc12.354,12.354,12.354,32.388,0,44.748L173.525,225.92l171.903,171.909c12.354,12.354,12.354,32.391,0,44.744\nc-12.354,12.365-32.386,12.365-44.745,0l-194.29-194.281C100.226,242.115,97.141,234.018,97.141,225.92z\"><\/path><\/svg>\n            <\/span>\n            <span class=\"sr-only\">\n              <svg viewBox=\"0 0 451.847 451.847\"><path d=\"M97.141,225.92c0-8.095,3.091-16.192,9.259-22.366L300.689,9.27c12.359-12.359,32.397-12.359,44.751,0\nc12.354,12.354,12.354,32.388,0,44.748L173.525,225.92l171.903,171.909c12.354,12.354,12.354,32.391,0,44.744\nc-12.354,12.365-32.386,12.365-44.745,0l-194.29-194.281C100.226,242.115,97.141,234.018,97.141,225.92z\"><\/path><\/svg>\n            <\/span>\n          <\/a>\n          <a class=\"u-absolute-vcenter-xl u-gallery-nav u-gallery-nav-next u-hidden-lg u-hidden-md u-hidden-sm u-hidden-xs u-icon-circle u-opacity u-opacity-70 u-palette-1-base u-spacing-10 u-gallery-nav-2\" href=\"#\" role=\"button\">\n            <span aria-hidden=\"true\">\n              <svg viewBox=\"0 0 451.846 451.847\"><path d=\"M345.441,248.292L151.154,442.573c-12.359,12.365-32.397,12.365-44.75,0c-12.354-12.354-12.354-32.391,0-44.744\nL278.318,225.92L106.409,54.017c-12.354-12.359-12.354-32.394,0-44.748c12.354-12.359,32.391-12.359,44.75,0l194.287,194.284\nc6.177,6.18,9.262,14.271,9.262,22.366C354.708,234.018,351.617,242.115,345.441,248.292z\"><\/path><\/svg>\n            <\/span>\n            <span class=\"sr-only\">\n              <svg viewBox=\"0 0 451.846 451.847\"><path d=\"M345.441,248.292L151.154,442.573c-12.359,12.365-32.397,12.365-44.75,0c-12.354-12.354-12.354-32.391,0-44.744\nL278.318,225.92L106.409,54.017c-12.354-12.359-12.354-32.394,0-44.748c12.354-12.359,32.391-12.359,44.75,0l194.287,194.284\nc6.177,6.18,9.262,14.271,9.262,22.366C354.708,234.018,351.617,242.115,345.441,248.292z\"><\/path><\/svg>\n            <\/span>\n          <\/a>\n          <a class=\"u-absolute-vcenter-lg u-absolute-vcenter-md u-absolute-vcenter-xl u-gallery-nav u-gallery-nav-prev u-icon-circle u-opacity u-opacity-70 u-palette-1-base u-spacing-10 u-gallery-nav-3\" href=\"#\" role=\"button\">\n            <span aria-hidden=\"true\">\n              <svg viewBox=\"0 0 451.847 451.847\"><path d=\"M97.141,225.92c0-8.095,3.091-16.192,9.259-22.366L300.689,9.27c12.359-12.359,32.397-12.359,44.751,0\nc12.354,12.354,12.354,32.388,0,44.748L173.525,225.92l171.903,171.909c12.354,12.354,12.354,32.391,0,44.744\nc-12.354,12.365-32.386,12.365-44.745,0l-194.29-194.281C100.226,242.115,97.141,234.018,97.141,225.92z\"><\/path><\/svg>\n            <\/span>\n            <span class=\"sr-only\">\n              <svg viewBox=\"0 0 451.847 451.847\"><path d=\"M97.141,225.92c0-8.095,3.091-16.192,9.259-22.366L300.689,9.27c12.359-12.359,32.397-12.359,44.751,0\nc12.354,12.354,12.354,32.388,0,44.748L173.525,225.92l171.903,171.909c12.354,12.354,12.354,32.391,0,44.744\nc-12.354,12.365-32.386,12.365-44.745,0l-194.29-194.281C100.226,242.115,97.141,234.018,97.141,225.92z\"><\/path><\/svg>\n            <\/span>\n          <\/a>\n          <a class=\"u-absolute-vcenter-lg u-absolute-vcenter-md u-absolute-vcenter-xl u-gallery-nav u-gallery-nav-next u-icon-circle u-opacity u-opacity-70 u-palette-1-base u-spacing-10 u-text-white u-gallery-nav-4\" href=\"#\" role=\"button\">\n            <span aria-hidden=\"true\">\n              <svg viewBox=\"0 0 451.846 451.847\"><path d=\"M345.441,248.292L151.154,442.573c-12.359,12.365-32.397,12.365-44.75,0c-12.354-12.354-12.354-32.391,0-44.744\nL278.318,225.92L106.409,54.017c-12.354-12.359-12.354-32.394,0-44.748c12.354-12.359,32.391-12.359,44.75,0l194.287,194.284\nc6.177,6.18,9.262,14.271,9.262,22.366C354.708,234.018,351.617,242.115,345.441,248.292z\"><\/path><\/svg>\n            <\/span>\n            <span class=\"sr-only\">\n              <svg viewBox=\"0 0 451.846 451.847\"><path d=\"M345.441,248.292L151.154,442.573c-12.359,12.365-32.397,12.365-44.75,0c-12.354-12.354-12.354-32.391,0-44.744\nL278.318,225.92L106.409,54.017c-12.354-12.359-12.354-32.394,0-44.748c12.354-12.359,32.391-12.359,44.75,0l194.287,194.284\nc6.177,6.18,9.262,14.271,9.262,22.366C354.708,234.018,351.617,242.115,345.441,248.292z\"><\/path><\/svg>\n            <\/span>\n          <\/a>\n          <div class=\"u-list-control\"><\/div>\n        <\/div>\n      <\/div>\n      \n      \n      \n    <\/section>\n    <section class=\"u-clearfix u-valign-middle-md u-valign-middle-sm u-section-5\" id=\"carousel_4b29\">\n      <div class=\"data-layout-selected u-clearfix u-expanded-width u-layout-wrap u-layout-wrap-1\">\n        <div class=\"u-gutter-0 u-layout\">\n          <div class=\"u-layout-row\">\n            <div class=\"u-size-19-lg u-size-20-sm u-size-20-xl u-size-20-xs u-size-30-md\">\n              <div class=\"u-layout-row\">\n                <div class=\"u-container-style u-image u-layout-cell u-left-cell u-size-60 u-image-1\" style=\"background-image: url(&quot;https:\/\/traveltolive.pl\/wp-content\/uploads\/2024\/09\/pexelsphoto3857215.jpeg&quot;);\">\n                  <div class=\"u-container-layout u-valign-middle-lg u-valign-middle-md u-valign-middle-xl u-container-layout-1\">\n                    <div class=\"u-align-left u-palette-3-base u-shape u-shape-rectangle u-shape-1\"><\/div>\n                  <\/div>\n                <\/div>\n              <\/div>\n            <\/div>\n            <div class=\"u-size-21-sm u-size-21-xl u-size-21-xs u-size-22-lg u-size-30-md\">\n              <div class=\"u-layout-row\">\n                <div class=\"u-align-center u-container-align-center u-container-style u-layout-cell u-palette-2-base u-size-60 u-layout-cell-2\">\n                  <div class=\"u-container-layout u-container-layout-2\">\n                    <h5 class=\"u-text u-text-1\">strona www<\/h5>\n                    <h3 class=\"u-text u-text-palette-5-base u-text-2\">traveltolive.pl<\/h3>\n                    <p class=\"u-text u-text-3\"> Pami\u0119tnik podr\u00f3\u017cnika stworzony na w\u0142asne potrzeby, a gdzie by\u0107 mo\u017ce cos wpadnie Wam w oko i zainspiruje do podr\u00f3\u017cniczych pomys\u0142\u00f3w.<br>\n                    <\/p>\n                    <a href=\"mailto:kontakt@traveltolive.pl\" class=\"u-active-none u-border-2 u-border-hover-white u-border-no-left u-border-no-right u-border-no-top u-border-white u-btn u-button-style u-hover-none u-none u-text-body-alt-color u-text-hover-palette-2-base u-btn-1\">kontakt@traveltolive.pl<\/a>\n                  <\/div>\n                <\/div>\n              <\/div>\n            <\/div>\n            <div class=\"u-size-19 u-size-60-md\">\n              <div class=\"u-layout-col\">\n                <div class=\"u-container-style u-image u-layout-cell u-right-cell u-size-60 u-image-2\" style=\"background-image: url(&quot;https:\/\/traveltolive.pl\/wp-content\/uploads\/2024\/09\/pexelsphoto3857210.jpeg&quot;);\">\n                  <div class=\"u-container-layout u-valign-middle u-container-layout-3\">\n                    <div class=\"u-palette-3-base u-shape u-shape-rectangle u-shape-2\"><\/div>\n                  <\/div>\n                <\/div>\n              <\/div>\n            <\/div>\n          <\/div>\n        <\/div>\n      <\/div>\n    <\/section>\n    \n    \n    \n    \n  \n","protected":false},"excerpt":{"rendered":"<p>traveltolive Dla mi\u0142o\u015bnik\u00f3w podr\u00f3\u017cy.. sebastianosi\u0144ski Pami\u0119tnik podr\u00f3\u017cnika stworzony na w\u0142asne potrzeby Witam na stronie Pami\u0119tnika podr\u00f3\u017cnika, stworzonej na w\u0142asne potrzeby. Tutaj mo\u017cecie znale\u017a\u0107 inspiruj\u0105ce tre\u015bci, kt\u00f3re by\u0107 mo\u017ce przykuj\u0105 Wasz\u0105 uwag\u0119 i zainspiruj\u0105 do podr\u00f3\u017cniczych pomys\u0142\u00f3w. Podobnie jak ca\u0142e spo\u0142ecze\u0144stwo, cierpi\u0119 na chroniczny brak czasu, co sprawia, \u017ce strona ta jest i b\u0119dzie jak grecki &hellip; <a href=\"https:\/\/traveltolive.pl\/\" class=\"more-link\">Continue reading<span class=\"screen-reader-text\"> &#8220;Strona g\u0142\u00f3wna&#8221;<\/span><\/a><\/p>\n","protected":false},"author":1,"featured_media":0,"parent":0,"menu_order":1,"comment_status":"closed","ping_status":"closed","template":"","meta":{"footnotes":""},"class_list":["post-21","page","type-page","status-publish","hentry"],"_links":{"self":[{"href":"https:\/\/traveltolive.pl\/index.php\/wp-json\/wp\/v2\/pages\/21","targetHints":{"allow":["GET"]}}],"collection":[{"href":"https:\/\/traveltolive.pl\/index.php\/wp-json\/wp\/v2\/pages"}],"about":[{"href":"https:\/\/traveltolive.pl\/index.php\/wp-json\/wp\/v2\/types\/page"}],"author":[{"embeddable":true,"href":"https:\/\/traveltolive.pl\/index.php\/wp-json\/wp\/v2\/users\/1"}],"replies":[{"embeddable":true,"href":"https:\/\/traveltolive.pl\/index.php\/wp-json\/wp\/v2\/comments?post=21"}],"version-history":[{"count":1,"href":"https:\/\/traveltolive.pl\/index.php\/wp-json\/wp\/v2\/pages\/21\/revisions"}],"predecessor-version":[{"id":22,"href":"https:\/\/traveltolive.pl\/index.php\/wp-json\/wp\/v2\/pages\/21\/revisions\/22"}],"wp:attachment":[{"href":"https:\/\/traveltolive.pl\/index.php\/wp-json\/wp\/v2\/media?parent=21"}],"curies":[{"name":"wp","href":"https:\/\/api.w.org\/{rel}","templated":true}]}}